{"id":154,"date":"2015-07-16T09:12:44","date_gmt":"2015-07-16T09:12:44","guid":{"rendered":"http:\/\/test.kriesi.at\/minimal-portfolio\/?page_id=154"},"modified":"2021-03-08T15:20:44","modified_gmt":"2021-03-08T15:20:44","slug":"about","status":"publish","type":"page","link":"https:\/\/www.indauma.com\/index.php\/about\/","title":{"rendered":"Nosotros"},"content":{"rendered":"<div id='av-layout-grid-1'  class='av-layout-grid-container entry-content-wrapper main_color av-flex-cells     avia-builder-el-0  el_before_av_section  avia-builder-el-first  container_wrap fullsize' style=' '  >\n<div class=\"flex_cell no_margin av_one_half  avia-builder-el-1  el_before_av_cell_one_half  avia-builder-el-first   avia-full-stretch \"  style='height:430px; min-height:430px;background:url(https:\/\/www.indauma.com\/wp-content\/uploads\/2021\/03\/MG_9918-scaled.jpg) top center no-repeat scroll; vertical-align:top; padding:30px; ' ><div class='flex_cell_inner' ><\/div><\/div><div class=\"flex_cell no_margin av_one_half  avia-builder-el-2  el_after_av_cell_one_half  avia-builder-el-last   \"  style='height:430px; min-height:430px;vertical-align:middle; padding:30px 100px 30px 100px ; background-color:#f7f7f7; ' ><div class='flex_cell_inner' ><div class=\"flex_column av_one_full  av-animated-generic bottom-to-top  flex_column_div av-zero-column-padding first  avia-builder-el-3  avia-builder-el-no-sibling  \" style='border-radius:0px; '><p><div  style='padding-bottom:10px; ' class='av-special-heading av-special-heading-h3  blockquote modern-quote  avia-builder-el-4  el_before_av_textblock  avia-builder-el-first  '><h3 class='av-special-heading-tag '  itemprop=\"headline\"  >Sobre nosotros<\/h3><div class='special-heading-border'><div class='special-heading-inner-border' ><\/div><\/div><\/div><br \/>\n<section class=\"av_textblock_section \"  itemscope=\"itemscope\" itemtype=\"https:\/\/schema.org\/CreativeWork\" ><div class='avia_textblock  '   itemprop=\"text\" ><div class=\"flex_column av_one_half av-animated-generic bottom-to-top flex_column_div av-zero-column-padding first avia-builder-el-4 el_after_av_one_full el_before_av_one_half column-top-margin avia_start_animation avia_start_delayed_animation\">\n<section class=\"av_textblock_section \">\n<div class=\"avia_textblock  \">\n<div class=\"wpb_column vc_column_container vc_col-sm-12\">\n<div class=\"vc_column-inner vc_custom_1480559075178\">\n<div class=\"wpb_wrapper \">\n<div class=\"wpb_text_column wpb_content_element vc_custom_1565252901024\">\n<div class=\"wpb_wrapper\">Somos una empresa dedicada al <strong>dise\u00f1o y fabricaci\u00f3n de mobiliario para dar servicio a estudios de interiorismo y tiendas de muebles<\/strong>, as\u00ed como a comercios online de mobiliario.<\/div>\n<div class=\"wpb_wrapper\">Todos nuestros productos se fabrican \u00edntegramente en nuestras instalaciones, con lo cual nuestra fabricaci\u00f3n es \u00edntegramente nacional. Adem\u00e1s, fabricamos bajo pedido, pudiendo adaptar nuestros muebles a cualquier medida o pudiendo fabricar cualquier otro mueble sobre plano seg\u00fan las necesidades del cliente.<\/div>\n<\/div>\n<div class=\"vc_empty_space\">En nuestras instalaciones tenemos capacidad de producci\u00f3n para poder realizar desde peque\u00f1os encargos a encargos de mayor volumen como apartamentos, hoteles, oficinas y otro tipo de contract, as\u00ed como expositores, muestrarios de productos y mobiliario para eventos.<\/div>\n<\/div>\n<\/div>\n<\/div>\n<\/div>\n<\/section>\n<\/div>\n<div class=\"flex_column av_one_half av-animated-generic bottom-to-top flex_column_div av-zero-column-padding avia-builder-el-6 el_after_av_one_half el_before_av_hr column-top-margin avia_start_animation avia_start_delayed_animation\">\n<section class=\"av_textblock_section \">\n<div class=\"avia_textblock  \">\n<p>Fabricamos los productos con materiales de calidad como la chapa de madera con acabado de barniz al agua y el metal, tanto en acabado natural como pintado en epoxi al horno, dado que el metal es nuestra especialidad. Tambi\u00e9n podemos fabricar con otros materiales como la madera maciza, los tableros contrachapados, los tableros melam\u00ednicos o los porcel\u00e1nicos, entre otros.<br \/>\nSi eres profesional del interiorismo y est\u00e1s buscando un fabricante que materialice tus ideas o est\u00e1s interesado en recibir nuestro cat\u00e1logo, <a href=\"http:\/\/www.indauma.com\/index.php\/contact\/\">ponte en contacto con nosotros<\/a><\/p>\n<\/div>\n<\/section>\n<\/div>\n<\/div><\/section><\/p><\/div>\n<\/div><\/div><\/div><div id='av_section_1'  class='avia-section main_color avia-section-large avia-no-border-styling  avia-bg-style-scroll  avia-builder-el-6  el_after_av_layout_row  avia-builder-el-last   container_wrap fullsize' style=' '  ><div class='container' ><div class='template-page content  av-content-full alpha units'><div class='post-entry post-entry-type-page post-entry-154'><div class='entry-content-wrapper clearfix'>\n<div id='av-masonry-1' class='av-masonry  noHover av-fixed-size av-large-gap av-hover-overlay-active av-masonry-animation-active av-masonry-col-3 av-caption-on-hover av-caption-style- av-masonry-gallery     '  ><div class='av-masonry-container isotope av-js-disabled ' ><div class='av-masonry-entry isotope-item av-masonry-item-no-image '><\/div><a href=\"https:\/\/www.indauma.com\/wp-content\/uploads\/2021\/03\/MG_9965-687x1030.jpg\"  aria-label=\"image _MG_9965\"  id='av-masonry-1-item-328' data-av-masonry-item='328' class='av-masonry-entry isotope-item post-328 attachment type-attachment status-inherit hentry  av-masonry-item-with-image av-grid-img' title=\"_MG_9965\" alt=\"\"   itemprop=\"thumbnailUrl\" ><div class='av-inner-masonry-sizer'><\/div><figure class='av-inner-masonry main_color'><div class=\"av-masonry-outerimage-container\"><div class=\"av-masonry-image-container\" style=\"background-image: url(https:\/\/www.indauma.com\/wp-content\/uploads\/2021\/03\/MG_9965-470x705.jpg);\" title=\"_MG_9965\" ><\/div><\/div><\/figure><\/a><!--end av-masonry entry--><a href=\"https:\/\/www.indauma.com\/wp-content\/uploads\/2021\/03\/MG_9975-1030x687.jpg\"  aria-label=\"image _MG_9975\"  id='av-masonry-1-item-331' data-av-masonry-item='331' class='av-masonry-entry isotope-item post-331 attachment type-attachment status-inherit hentry  av-masonry-item-with-image av-grid-img' title=\"_MG_9975\" alt=\"\"   itemprop=\"thumbnailUrl\" ><div class='av-inner-masonry-sizer'><\/div><figure class='av-inner-masonry main_color'><div class=\"av-masonry-outerimage-container\"><div class=\"av-masonry-image-container\" style=\"background-image: url(https:\/\/www.indauma.com\/wp-content\/uploads\/2021\/03\/MG_9975-705x470.jpg);\" title=\"_MG_9975\" ><\/div><\/div><\/figure><\/a><!--end av-masonry entry--><a href=\"https:\/\/www.indauma.com\/wp-content\/uploads\/2021\/03\/MG_9980-1030x687.jpg\"  aria-label=\"image _MG_9980\"  id='av-masonry-1-item-330' data-av-masonry-item='330' class='av-masonry-entry isotope-item post-330 attachment type-attachment status-inherit hentry  av-masonry-item-with-image av-grid-img' title=\"_MG_9980\" alt=\"\"   itemprop=\"thumbnailUrl\" ><div class='av-inner-masonry-sizer'><\/div><figure class='av-inner-masonry main_color'><div class=\"av-masonry-outerimage-container\"><div class=\"av-masonry-image-container\" style=\"background-image: url(https:\/\/www.indauma.com\/wp-content\/uploads\/2021\/03\/MG_9980-705x470.jpg);\" title=\"_MG_9980\" ><\/div><\/div><\/figure><\/a><!--end av-masonry entry--><\/div><\/div>\n<\/p>\n","protected":false},"excerpt":{"rendered":"","protected":false},"author":1,"featured_media":0,"parent":0,"menu_order":0,"comment_status":"open","ping_status":"open","template":"","meta":{"footnotes":""},"class_list":["post-154","page","type-page","status-publish","hentry"],"_links":{"self":[{"href":"https:\/\/www.indauma.com\/index.php\/wp-json\/wp\/v2\/pages\/154","targetHints":{"allow":["GET"]}}],"collection":[{"href":"https:\/\/www.indauma.com\/index.php\/wp-json\/wp\/v2\/pages"}],"about":[{"href":"https:\/\/www.indauma.com\/index.php\/wp-json\/wp\/v2\/types\/page"}],"author":[{"embeddable":true,"href":"https:\/\/www.indauma.com\/index.php\/wp-json\/wp\/v2\/users\/1"}],"replies":[{"embeddable":true,"href":"https:\/\/www.indauma.com\/index.php\/wp-json\/wp\/v2\/comments?post=154"}],"version-history":[{"count":16,"href":"https:\/\/www.indauma.com\/index.php\/wp-json\/wp\/v2\/pages\/154\/revisions"}],"predecessor-version":[{"id":344,"href":"https:\/\/www.indauma.com\/index.php\/wp-json\/wp\/v2\/pages\/154\/revisions\/344"}],"wp:attachment":[{"href":"https:\/\/www.indauma.com\/index.php\/wp-json\/wp\/v2\/media?parent=154"}],"curies":[{"name":"wp","href":"https:\/\/api.w.org\/{rel}","templated":true}]}}