{"id":209,"date":"2015-07-14T14:50:10","date_gmt":"2015-07-14T14:50:10","guid":{"rendered":"http:\/\/test.kriesi.at\/minimal-portfolio\/?page_id=9"},"modified":"2021-03-07T18:29:18","modified_gmt":"2021-03-07T18:29:18","slug":"home","status":"publish","type":"page","link":"https:\/\/www.indauma.com\/","title":{"rendered":"Inicio"},"content":{"rendered":"<div id='full_slider_1'  class='avia-fullwidth-slider main_color avia-shadow   avia-builder-el-0  el_before_av_section  avia-builder-el-first   container_wrap fullsize' style=' '  ><div   data-size='featured_large'  data-lightbox_size='large'  data-animation='fade'  data-conditional_play=''  data-ids='229'  data-video_counter='0'  data-autoplay='false'  data-bg_slider='false'  data-slide_height=''  data-handle='av_slideshow_full'  data-interval='5'  data-class=' '  data-el_id=''  data-css_id=''  data-scroll_down=''  data-control_layout='av-control-minimal'  data-custom_markup=''  data-perma_caption=''  data-autoplay_stopper=''  data-image_attachment=''  data-min_height='0px'  data-lazy_loading='disabled'  data-src=''  data-position='top left'  data-repeat='no-repeat'  data-attach='scroll'  data-stretch=''  data-default-height='42'  class='avia-slideshow avia-slideshow-1  av-control-minimal av-default-height-applied avia-slideshow-featured_large av_slideshow_full   avia-fade-slider '  itemprop=\"image\" itemscope=\"itemscope\" itemtype=\"https:\/\/schema.org\/ImageObject\" ><ul class='avia-slideshow-inner ' style='padding-bottom: 52.5%;' ><li  class=' av-single-slide slide-1 ' ><div data-rel='slideshow-1' class='avia-slide-wrap '   ><img decoding=\"async\" class=\"wp-image-229 avia-img-lazy-loading-not-229\"  src=\"https:\/\/www.indauma.com\/wp-content\/uploads\/2021\/02\/mesa-centro-minimalista-patas-metal-blanco-minim-e1614536033585-1200x630.jpg\" width=\"1200\" height=\"630\" title='mesa-centro-minimalista-patas-metal-blanco-minim' alt=''  itemprop=\"thumbnailUrl\"   \/><\/div><\/li><\/ul><\/div><\/div>\n<div id='av_section_1'  class='avia-section main_color avia-section-large avia-no-border-styling  avia-bg-style-scroll  avia-builder-el-1  el_after_av_slideshow_full  avia-builder-el-last   container_wrap fullsize' style=' '  ><div class='container' ><div class='template-page content  av-content-full alpha units'><div class='post-entry post-entry-type-page post-entry-209'><div class='entry-content-wrapper clearfix'>\n<div class=\"flex_column av_one_full  av-animated-generic bottom-to-top  flex_column_div av-zero-column-padding first  avia-builder-el-2  el_before_av_one_half  avia-builder-el-first  \" style='border-radius:0px; '><div  style='padding-bottom:4px; color:#000000;font-size:30px;' class='av-special-heading av-special-heading-h1 custom-color-heading blockquote modern-quote  avia-builder-el-3  avia-builder-el-no-sibling  av-inherit-size '><h1 class='av-special-heading-tag '  itemprop=\"headline\"  >Soluciones de mobiliario contempor\u00e1neo para interioristas<\/h1><div class='special-heading-border'><div class='special-heading-inner-border' style='border-color:#000000'><\/div><\/div><\/div><\/div><div class=\"flex_column av_one_half  av-animated-generic bottom-to-top  flex_column_div av-zero-column-padding first  avia-builder-el-4  el_after_av_one_full  el_before_av_one_half  column-top-margin\" style='border-radius:0px; '><section class=\"av_textblock_section \"  itemscope=\"itemscope\" itemtype=\"https:\/\/schema.org\/CreativeWork\" ><div class='avia_textblock  '   itemprop=\"text\" ><div class=\"wpb_column vc_column_container vc_col-sm-12\">\n<div class=\"vc_column-inner vc_custom_1480559075178\">\n<div class=\"wpb_wrapper \">\n<div class=\"wpb_text_column wpb_content_element vc_custom_1565252901024\">\n<div class=\"wpb_wrapper\">En Indauma nos dedicamos al <strong>dise\u00f1o y fabricaci\u00f3n de mobiliario para dar servicio a estudios de interiorismo y tiendas de muebles<\/strong>, as\u00ed como a comercios online de mobiliario.<\/div>\n<div class=\"wpb_wrapper\">Nuestra fabricaci\u00f3n es \u00edntegramente nacional y bajo pedido, pudiendo adaptar nuestros muebles a cualquier medida o pudiendo fabricar cualquier otro mueble sobre plano seg\u00fan las necesidades del cliente.<\/div>\n<\/div>\n<div class=\"vc_empty_space\"><\/div>\n<\/div>\n<\/div>\n<\/div>\n<\/div><\/section><\/div><div class=\"flex_column av_one_half  av-animated-generic bottom-to-top  flex_column_div av-zero-column-padding   avia-builder-el-6  el_after_av_one_half  el_before_av_hr  column-top-margin\" style='border-radius:0px; '><section class=\"av_textblock_section \"  itemscope=\"itemscope\" itemtype=\"https:\/\/schema.org\/CreativeWork\" ><div class='avia_textblock  '   itemprop=\"text\" ><p>Nuestras instalaciones y nuestro equipo puede fabricar desde peque\u00f1os encargos a encargos de mayor volumen como apartamentos, hoteles, oficinas y otro tipo de contract, as\u00ed como displays, muestrarios de productos y mobiliario para eventos.<br \/>\nFabricamos los productos con materiales de calidad como la chapa de madera con acabado de barniz al agua y el metal, tanto en acabado natural como pintado en epoxi al horno<br \/>\nSi eres profesional del interiorismo y est\u00e1s buscando un fabricante que materialice tus ideas o est\u00e1s interesado en recibir nuestro cat\u00e1logo, <a href=\"http:\/\/www.indauma.com\/index.php\/contact\/\">ponte en contacto con nosotros<\/a><\/p>\n<\/div><\/section><\/div><div  style=' margin-top:50px; margin-bottom:80px;'  class='hr hr-custom hr-center hr-icon-no   avia-builder-el-8  el_after_av_one_half  el_before_av_heading '><span class='hr-inner  inner-border-av-border-fat' style=' width:50px; border-color:#f2f2f2;' ><span class='hr-inner-style'><\/span><\/span><\/div>\n<div  style='padding-bottom:10px; font-size:25px;' class='av-special-heading av-special-heading-h1  blockquote modern-quote modern-centered  avia-builder-el-9  el_after_av_hr  el_before_av_hr  av-inherit-size '><h1 class='av-special-heading-tag '  itemprop=\"headline\"  >Proyectos a medida<\/h1><div class='special-heading-border'><div class='special-heading-inner-border' ><\/div><\/div><\/div>\n<div  style='height:50px' class='hr hr-invisible   avia-builder-el-10  el_after_av_heading  el_before_av_masonry_gallery  avia-builder-el-last '><span class='hr-inner ' ><span class='hr-inner-style'><\/span><\/span><\/div>\n<div id='av-masonry-1' class='av-masonry  noHover av-fixed-size av-large-gap av-hover-overlay-active av-masonry-animation-active av-masonry-col-3 av-caption-on-hover av-caption-style-overlay av-masonry-gallery     '  ><div class='av-masonry-container isotope av-js-disabled ' ><div class='av-masonry-entry isotope-item av-masonry-item-no-image '><\/div><a href=\"https:\/\/www.indauma.com\/wp-content\/uploads\/2021\/03\/IMG_7672-1030x1030.jpg\"  aria-label=\"image Mesas a medida para restaurante\"  id='av-masonry-1-item-277' data-av-masonry-item='277' class='av-masonry-entry isotope-item post-277 attachment type-attachment status-inherit hentry  av-masonry-item-with-image' title=\"Mesas a medida para restaurante\" alt=\"Mesas a medida para restaurante\"   itemprop=\"thumbnailUrl\" ><div class='av-inner-masonry-sizer'><\/div><figure class='av-inner-masonry main_color'><div class=\"av-masonry-outerimage-container\"><div class=\"av-masonry-image-container\" style=\"background-image: url(https:\/\/www.indauma.com\/wp-content\/uploads\/2021\/03\/IMG_7672-705x705.jpg);\" title=\"Mesas a medida para restaurante\"  alt=\"Mesas a medida para restaurante\" ><\/div><\/div><figcaption class='av-inner-masonry-content site-background'><div class='av-inner-masonry-content-pos'><div class='av-inner-masonry-content-pos-content'><div class='avia-arrow'><\/div><h3 class='av-masonry-entry-title entry-title '  itemprop=\"headline\" >Mesas a medida para restaurante<\/h3><\/div><\/div><\/figcaption><\/figure><\/a><!--end av-masonry entry--><a href=\"https:\/\/www.indauma.com\/wp-content\/uploads\/2021\/03\/d9f4d4b5-79e2-4ce0-9dde-de6c22f0ec05.jpg\"  aria-label=\"image Estanter\u00edas y escritorio a medida para colegio\"  id='av-masonry-1-item-278' data-av-masonry-item='278' class='av-masonry-entry isotope-item post-278 attachment type-attachment status-inherit hentry  av-masonry-item-with-image' title=\"Estanter\u00edas y escritorio a medida para colegio\" alt=\"\"   itemprop=\"thumbnailUrl\" ><div class='av-inner-masonry-sizer'><\/div><figure class='av-inner-masonry main_color'><div class=\"av-masonry-outerimage-container\"><div class=\"av-masonry-image-container\" style=\"background-image: url(https:\/\/www.indauma.com\/wp-content\/uploads\/2021\/03\/d9f4d4b5-79e2-4ce0-9dde-de6c22f0ec05-705x705.jpg);\" title=\"Estanter\u00edas y escritorio a medida para colegio\" ><\/div><\/div><figcaption class='av-inner-masonry-content site-background'><div class='av-inner-masonry-content-pos'><div class='av-inner-masonry-content-pos-content'><div class='avia-arrow'><\/div><h3 class='av-masonry-entry-title entry-title '  itemprop=\"headline\" >Estanter\u00edas y escritorio a medida para colegio<\/h3><\/div><\/div><\/figcaption><\/figure><\/a><!--end av-masonry entry--><a href=\"https:\/\/www.indauma.com\/wp-content\/uploads\/2021\/03\/4dd476bc-fcb2-4767-b3ca-436b90f3920f.jpg\"  aria-label=\"image Mesa centro y butaca recepci\u00f3n a medida\"  id='av-masonry-1-item-279' data-av-masonry-item='279' class='av-masonry-entry isotope-item post-279 attachment type-attachment status-inherit hentry  av-masonry-item-with-image' title=\"Mesa centro y butaca recepci\u00f3n a medida\" alt=\"\"   itemprop=\"thumbnailUrl\" ><div class='av-inner-masonry-sizer'><\/div><figure class='av-inner-masonry main_color'><div class=\"av-masonry-outerimage-container\"><div class=\"av-masonry-image-container\" style=\"background-image: url(https:\/\/www.indauma.com\/wp-content\/uploads\/2021\/03\/4dd476bc-fcb2-4767-b3ca-436b90f3920f.jpg);\" title=\"Mesa centro y butaca recepci\u00f3n a medida\" ><\/div><\/div><figcaption class='av-inner-masonry-content site-background'><div class='av-inner-masonry-content-pos'><div class='av-inner-masonry-content-pos-content'><div class='avia-arrow'><\/div><h3 class='av-masonry-entry-title entry-title '  itemprop=\"headline\" >Mesa centro y butaca recepci\u00f3n a medida<\/h3><\/div><\/div><\/figcaption><\/figure><\/a><!--end av-masonry entry--><\/div><\/div>\n<div  style=' margin-top:50px; margin-bottom:80px;'  class='hr hr-custom hr-center hr-icon-no   avia-builder-el-12  el_after_av_masonry_gallery  avia-builder-el-no-sibling '><span class='hr-inner  inner-border-av-border-fat' style=' width:50px; border-color:#f2f2f2;' ><span class='hr-inner-style'><\/span><\/span><\/div>\n\n","protected":false},"excerpt":{"rendered":"","protected":false},"author":1,"featured_media":0,"parent":0,"menu_order":0,"comment_status":"open","ping_status":"closed","template":"","meta":{"footnotes":""},"class_list":["post-209","page","type-page","status-publish","hentry"],"_links":{"self":[{"href":"https:\/\/www.indauma.com\/index.php\/wp-json\/wp\/v2\/pages\/209","targetHints":{"allow":["GET"]}}],"collection":[{"href":"https:\/\/www.indauma.com\/index.php\/wp-json\/wp\/v2\/pages"}],"about":[{"href":"https:\/\/www.indauma.com\/index.php\/wp-json\/wp\/v2\/types\/page"}],"author":[{"embeddable":true,"href":"https:\/\/www.indauma.com\/index.php\/wp-json\/wp\/v2\/users\/1"}],"replies":[{"embeddable":true,"href":"https:\/\/www.indauma.com\/index.php\/wp-json\/wp\/v2\/comments?post=209"}],"version-history":[{"count":22,"href":"https:\/\/www.indauma.com\/index.php\/wp-json\/wp\/v2\/pages\/209\/revisions"}],"predecessor-version":[{"id":326,"href":"https:\/\/www.indauma.com\/index.php\/wp-json\/wp\/v2\/pages\/209\/revisions\/326"}],"wp:attachment":[{"href":"https:\/\/www.indauma.com\/index.php\/wp-json\/wp\/v2\/media?parent=209"}],"curies":[{"name":"wp","href":"https:\/\/api.w.org\/{rel}","templated":true}]}}